{"id":126,"date":"2023-04-04T18:29:20","date_gmt":"2023-04-04T16:29:20","guid":{"rendered":"http:\/\/comkalisz.pl\/bip\/?page_id=126"},"modified":"2023-06-05T16:24:45","modified_gmt":"2023-06-05T16:24:45","slug":"aktualnosci","status":"publish","type":"page","link":"https:\/\/comkociolki.pl\/bip\/index.php\/aktualnosci\/","title":{"rendered":"Aktualno\u015bci"},"content":{"rendered":"\n<h1 class=\"wp-block-heading\"><\/h1>\n\n\n\n<p>Centrum Opieku\u0144czo &#8211; Mieszkalne w Kocio\u0142kach jest o\u015brodkiem wsparcia przeznaczonym dla 15 os\u00f3b doros\u0142ych, kt\u00f3re posiadaj\u0105 orzeczony znaczny lub umiarkowany stopie\u0144 niepe\u0142nosprawno\u015bci:<\/p>\n\n\n\n<p><strong>\u2013 7 os\u00f3b mo\u017ce skorzysta\u0107 z pobytu ca\u0142odobowego<\/strong>&nbsp;(7 dni w tygodniu), zapewniamy: pe\u0142ne wy\u017cywienie, dost\u0119p do infrastruktury przewidzianej dla mieszka\u0144c\u00f3w (kuchnia, pralnia, sprz\u0119t rehabilitacyjny i pomocniczy, ogr\u00f3d) oraz pomoc fizjoterapeuty, opiekun\u00f3w i asystent\u00f3w os\u00f3b niepe\u0142nosprawnych.<\/p>\n\n\n\n<p><strong>&nbsp;\u2013 8 os\u00f3b \u2013 pobyt dzienny<\/strong>&nbsp;(8 godzin przez 5 dni w tygodniu od poniedzia\u0142ku do pi\u0105tku), zapewniamy: 2 posi\u0142ki, zaj\u0119cia w przygotowanych do tego celu wyposa\u017conych salach, mo\u017cliwo\u015b\u0107 skorzystania z jadalni, kuchni, sali rehabilitacyjnej.<\/p>\n\n\n\n<p>Szczeg\u00f3\u0142y dotycz\u0105ce bie\u017c\u0105cej dzia\u0142alno\u015bci dost\u0119pne na stronie:<\/p>\n\n\n\n<p>-&gt; <a href=\"https:\/\/www.facebook.com\/profile.php?id=100091931980857\">https:\/\/www.facebook.com\/profile.php?id=100091931980857<\/a><\/p>\n","protected":false},"excerpt":{"rendered":"<p>Centrum Opieku\u0144czo &#8211; Mieszkalne w Kocio\u0142kach jest o\u015brodkiem wsparcia przeznaczonym dla 15 os\u00f3b doros\u0142ych, kt\u00f3re posiadaj\u0105 orzeczony znaczny lub umiarkowany stopie\u0144 niepe\u0142nosprawno\u015bci: \u2013 7 os\u00f3b mo\u017ce skorzysta\u0107 z pobytu ca\u0142odobowego&nbsp;(7 dni w tygodniu), zapewniamy: pe\u0142ne wy\u017cywienie, dost\u0119p do infrastruktury przewidzianej dla mieszka\u0144c\u00f3w (kuchnia, pralnia, sprz\u0119t rehabilitacyjny i pomocniczy, ogr\u00f3d) oraz pomoc fizjoterapeuty, opiekun\u00f3w i asystent\u00f3w &hellip; <a href=\"https:\/\/comkociolki.pl\/bip\/index.php\/aktualnosci\/\" class=\"more-link\">Czytaj dalej <span class=\"screen-reader-text\">Aktualno\u015bci<\/span><\/a><\/p>\n","protected":false},"author":1,"featured_media":0,"parent":0,"menu_order":0,"comment_status":"closed","ping_status":"closed","template":"","meta":{"footnotes":""},"class_list":["post-126","page","type-page","status-publish","hentry"],"_links":{"self":[{"href":"https:\/\/comkociolki.pl\/bip\/index.php\/wp-json\/wp\/v2\/pages\/126","targetHints":{"allow":["GET"]}}],"collection":[{"href":"https:\/\/comkociolki.pl\/bip\/index.php\/wp-json\/wp\/v2\/pages"}],"about":[{"href":"https:\/\/comkociolki.pl\/bip\/index.php\/wp-json\/wp\/v2\/types\/page"}],"author":[{"embeddable":true,"href":"https:\/\/comkociolki.pl\/bip\/index.php\/wp-json\/wp\/v2\/users\/1"}],"replies":[{"embeddable":true,"href":"https:\/\/comkociolki.pl\/bip\/index.php\/wp-json\/wp\/v2\/comments?post=126"}],"version-history":[{"count":3,"href":"https:\/\/comkociolki.pl\/bip\/index.php\/wp-json\/wp\/v2\/pages\/126\/revisions"}],"predecessor-version":[{"id":202,"href":"https:\/\/comkociolki.pl\/bip\/index.php\/wp-json\/wp\/v2\/pages\/126\/revisions\/202"}],"wp:attachment":[{"href":"https:\/\/comkociolki.pl\/bip\/index.php\/wp-json\/wp\/v2\/media?parent=126"}],"curies":[{"name":"wp","href":"https:\/\/api.w.org\/{rel}","templated":true}]}}