{"id":124,"date":"2023-04-04T18:28:03","date_gmt":"2023-04-04T16:28:03","guid":{"rendered":"http:\/\/comkalisz.pl\/bip\/?page_id=124"},"modified":"2025-03-20T09:51:17","modified_gmt":"2025-03-20T09:51:17","slug":"fundusz-solidarnosciowy","status":"publish","type":"page","link":"https:\/\/comkociolki.pl\/bip\/index.php\/fundusz-solidarnosciowy\/","title":{"rendered":"Fundusz Solidarno\u015bciowy"},"content":{"rendered":"\n<p><\/p>\n\n\n\n<p>G\u0142\u00f3wnym celem Programu jest: pomoc doros\u0142ym osobom niepe\u0142nosprawnym ze znacznym lub umiarkowanym stopniem niepe\u0142nosprawno\u015bci lub orzeczeniem traktowanym na r\u00f3wni z orzeczeniem o znacznym lub umiarkowanym stopniu niepe\u0142nosprawno\u015bci, o kt\u00f3rych mowa w ustawie z dnia 27 sierpnia 1997 r. o rehabilitacji zawodowej i spo\u0142ecznej oraz zatrudnianiu os\u00f3b niepe\u0142nosprawnych&nbsp;(Dz. U. z 2023 r. poz. 100, z p\u00f3\u017an. zm.),&nbsp;poprzez zapewnienie us\u0142ug zamieszkiwania w formie pobytu ca\u0142odobowego lub pobytu dziennego.<\/p>\n\n\n\n<p>Zadania wynikaj\u0105ce z programu: zapewnienie opieki i pomocy w zaspakajaniu niezb\u0119dnych potrzeb \u017cyciowych poprzez wsparcie: w tym w zakresie potrzeb zdrowotnych, piel\u0119gnacyjnych, zapobiegania wt\u00f3rnym powik\u0142aniom, stymulowania i rozwijania sprawno\u015bci ruchowej, kompetencji poznawczych oraz spo\u0142ecznych.<\/p>\n\n\n\n<p>G\u0142\u00f3wnym efektem dzia\u0142ania Centrum Opieku\u0144czo \u2013 Mieszkalnego jest poprawa sytuacji os\u00f3b niepe\u0142nosprawnych daj\u0105c im szans\u0119 na samodzielne i niezale\u017cne \u017cycie<\/p>\n\n\n\n<p>W ramach celu g\u0142\u00f3wnego wyznaczone s\u0105 nast\u0119puj\u0105ce cele szczeg\u00f3\u0142owe:<\/p>\n\n\n\n<ul class=\"wp-block-list\">\n<li>wzmocnienie dotychczasowego systemu wsparcia poprzez rozszerzenie us\u0142ug dla doros\u0142ych os\u00f3b niepe\u0142nosprawnych ze&nbsp;znacznym lub umiarkowanym stopniem niepe\u0142nosprawno\u015bci;<\/li>\n\n\n\n<li>umo\u017cliwienie niezale\u017cnego, samodzielnego i&nbsp;godnego funkcjonowania oraz zapewnienie mieszka\u0144com opieki specjalist\u00f3w oraz wsparcia adekwatnego do potrzeb i mo\u017cliwo\u015bci wynikaj\u0105cych z wieku, stanu zdrowia, oraz posiadanych dysfunkcji i ogranicze\u0144;<\/li>\n\n\n\n<li>poprawa jako\u015bci \u017cycia uczestnik\u00f3w programu w&nbsp;ich \u015brodowisku lokalnym poprzez zapewnienie dost\u0119pno\u015bci do Centrum w pobli\u017cu ich miejsca zamieszkania;<\/li>\n\n\n\n<li>zapewnienie mieszka\u0144com wy\u017cywienia;&nbsp;<\/li>\n\n\n\n<li>w\u0142\u0105czenie uczestnik\u00f3w Programu do \u017cycia spo\u0142eczno\u015bci lokalnych;<\/li>\n\n\n\n<li>zapewnienie mieszka\u0144com r\u00f3\u017cnorodnych form wsparcia poprzez rozwijanie zainteresowa\u0144;<\/li>\n\n\n\n<li>zaj\u0119cia z kadr\u0105 opieku\u0144czo \u2013 wspieraj\u0105c\u0105 np. zaj\u0119cia rehabilitacyjne, terapeutyczne, wsparcie psychologa;<\/li>\n\n\n\n<li>odci\u0105\u017cenie faktycznych opiekun\u00f3w uczestnik\u00f3w Programu poprzez umo\u017cliwienie im kontynuacji pracy zawodowej lub realizacj\u0119 innych codziennych aktywno\u015bci;<\/li>\n<\/ul>\n\n\n\n<p>Gmina Kozienice otrzyma\u0142a dofinansowanie z&nbsp;Funduszu&nbsp;Solidarno\u015bciowego na finansowanie zadania w ramach resortowego Programu Ministra Rodziny i Polityki Spo\u0142ecznej \u201eCentra opieku\u0144czo-mieszkalne\u201d. W ramach Modu\u0142u I \u201eUtworzenie i wyposa\u017cenie Centrum Opieku\u0144czo &#8211; Mieszkalnego w Kocio\u0142kach\u201d dofinansowanie wynios\u0142o: 2 157 782,16 z\u0142 , ca\u0142kowita warto\u015b\u0107: 2 436 571,98 z\u0142. W ramach Modu\u0142u II &#8211; Funkcjonowanie Centrum dofinansowanie w roku 2023 wynosi: 555 845 z\u0142<\/p>\n\n\n<div class=\"wp-block-image\">\n<figure class=\"aligncenter size-large is-resized\"><img loading=\"lazy\" decoding=\"async\" width=\"1024\" height=\"683\" src=\"http:\/\/comkociolki.pl\/bip\/wp-content\/uploads\/2023\/05\/tablica_fundusze_120x80_poprawka1-1024x683.jpg\" alt=\"\" class=\"wp-image-180\" style=\"width:690px;height:auto\" srcset=\"https:\/\/comkociolki.pl\/bip\/wp-content\/uploads\/2023\/05\/tablica_fundusze_120x80_poprawka1-1024x683.jpg 1024w, https:\/\/comkociolki.pl\/bip\/wp-content\/uploads\/2023\/05\/tablica_fundusze_120x80_poprawka1-300x200.jpg 300w, https:\/\/comkociolki.pl\/bip\/wp-content\/uploads\/2023\/05\/tablica_fundusze_120x80_poprawka1-768x512.jpg 768w, https:\/\/comkociolki.pl\/bip\/wp-content\/uploads\/2023\/05\/tablica_fundusze_120x80_poprawka1-1536x1024.jpg 1536w, https:\/\/comkociolki.pl\/bip\/wp-content\/uploads\/2023\/05\/tablica_fundusze_120x80_poprawka1-2048x1366.jpg 2048w\" sizes=\"auto, (max-width: 1024px) 100vw, 1024px\" \/><\/figure>\n<\/div>\n\n\n<figure class=\"wp-block-image size-large is-resized\"><img loading=\"lazy\" decoding=\"async\" width=\"724\" height=\"1024\" src=\"https:\/\/comkociolki.pl\/bip\/wp-content\/uploads\/2024\/05\/Fundusz_2023_page-0001-724x1024.jpg\" alt=\"\" class=\"wp-image-245\" style=\"width:690px;height:auto\" srcset=\"https:\/\/comkociolki.pl\/bip\/wp-content\/uploads\/2024\/05\/Fundusz_2023_page-0001-724x1024.jpg 724w, https:\/\/comkociolki.pl\/bip\/wp-content\/uploads\/2024\/05\/Fundusz_2023_page-0001-212x300.jpg 212w, https:\/\/comkociolki.pl\/bip\/wp-content\/uploads\/2024\/05\/Fundusz_2023_page-0001-768x1086.jpg 768w, https:\/\/comkociolki.pl\/bip\/wp-content\/uploads\/2024\/05\/Fundusz_2023_page-0001-1087x1536.jpg 1087w, https:\/\/comkociolki.pl\/bip\/wp-content\/uploads\/2024\/05\/Fundusz_2023_page-0001-1449x2048.jpg 1449w, https:\/\/comkociolki.pl\/bip\/wp-content\/uploads\/2024\/05\/Fundusz_2023_page-0001.jpg 1755w\" sizes=\"auto, (max-width: 724px) 100vw, 724px\" \/><\/figure>\n\n\n\n<figure class=\"wp-block-image size-large\"><img loading=\"lazy\" decoding=\"async\" width=\"724\" height=\"1024\" src=\"http:\/\/comkociolki.pl\/bip\/wp-content\/uploads\/2024\/05\/Fundusz_2024_page-0001-724x1024.jpg\" alt=\"\" class=\"wp-image-243\" srcset=\"https:\/\/comkociolki.pl\/bip\/wp-content\/uploads\/2024\/05\/Fundusz_2024_page-0001-724x1024.jpg 724w, https:\/\/comkociolki.pl\/bip\/wp-content\/uploads\/2024\/05\/Fundusz_2024_page-0001-212x300.jpg 212w, https:\/\/comkociolki.pl\/bip\/wp-content\/uploads\/2024\/05\/Fundusz_2024_page-0001-768x1086.jpg 768w, https:\/\/comkociolki.pl\/bip\/wp-content\/uploads\/2024\/05\/Fundusz_2024_page-0001-1087x1536.jpg 1087w, https:\/\/comkociolki.pl\/bip\/wp-content\/uploads\/2024\/05\/Fundusz_2024_page-0001-1449x2048.jpg 1449w, https:\/\/comkociolki.pl\/bip\/wp-content\/uploads\/2024\/05\/Fundusz_2024_page-0001.jpg 1755w\" sizes=\"auto, (max-width: 724px) 100vw, 724px\" \/><\/figure>\n\n\n\n<p><br><strong>Plakat_2023:<\/strong><br>-&gt; <a href=\"http:\/\/comkociolki.pl\/fundusz_solidarnosciowy.jpg\">http:\/\/comkociolki.pl\/Fundusz_Solidarnosciowy.jpg<\/a><br>-&gt; <a href=\"http:\/\/comkociolki.pl\/bip\/wp-content\/uploads\/2024\/05\/Fundusz_2023.pdf\">http:\/\/comkociolki.pl\/Fundusz_Solidanosciowy_2023.pdf<\/a><br><br><strong>Plakat_2024:<\/strong><br>-&gt; <a href=\"http:\/\/comkociolki.pl\/bip\/wp-content\/uploads\/2024\/05\/Fundusz_2024.pdf\">http:\/\/comkociolki.pl\/Fundusz_Solidarnosciowy_2024.pdf<\/a><\/p>\n\n\n\n<p><strong>Plakat 2025: <\/strong><\/p>\n\n\n\n<p><a href=\"http:\/\/comkociolki.pl\/bip\/wp-content\/uploads\/2025\/03\/plakat-2025.pdf\">http:\/\/comkociolki.pl\/bip\/wp-content\/uploads\/2025\/03\/plakat-2025.pdf<\/a><\/p>\n\n\n\n<p><\/p>\n","protected":false},"excerpt":{"rendered":"<p>G\u0142\u00f3wnym celem Programu jest: pomoc doros\u0142ym osobom niepe\u0142nosprawnym ze znacznym lub umiarkowanym stopniem niepe\u0142nosprawno\u015bci lub orzeczeniem traktowanym na r\u00f3wni z orzeczeniem o znacznym lub umiarkowanym stopniu niepe\u0142nosprawno\u015bci, o kt\u00f3rych mowa w ustawie z dnia 27 sierpnia 1997 r. o rehabilitacji zawodowej i spo\u0142ecznej oraz zatrudnianiu os\u00f3b niepe\u0142nosprawnych&nbsp;(Dz. U. z 2023 r. poz. 100, z p\u00f3\u017an. &hellip; <a href=\"https:\/\/comkociolki.pl\/bip\/index.php\/fundusz-solidarnosciowy\/\" class=\"more-link\">Czytaj dalej <span class=\"screen-reader-text\">Fundusz Solidarno\u015bciowy<\/span><\/a><\/p>\n","protected":false},"author":1,"featured_media":0,"parent":0,"menu_order":0,"comment_status":"closed","ping_status":"closed","template":"","meta":{"footnotes":""},"class_list":["post-124","page","type-page","status-publish","hentry"],"_links":{"self":[{"href":"https:\/\/comkociolki.pl\/bip\/index.php\/wp-json\/wp\/v2\/pages\/124","targetHints":{"allow":["GET"]}}],"collection":[{"href":"https:\/\/comkociolki.pl\/bip\/index.php\/wp-json\/wp\/v2\/pages"}],"about":[{"href":"https:\/\/comkociolki.pl\/bip\/index.php\/wp-json\/wp\/v2\/types\/page"}],"author":[{"embeddable":true,"href":"https:\/\/comkociolki.pl\/bip\/index.php\/wp-json\/wp\/v2\/users\/1"}],"replies":[{"embeddable":true,"href":"https:\/\/comkociolki.pl\/bip\/index.php\/wp-json\/wp\/v2\/comments?post=124"}],"version-history":[{"count":14,"href":"https:\/\/comkociolki.pl\/bip\/index.php\/wp-json\/wp\/v2\/pages\/124\/revisions"}],"predecessor-version":[{"id":319,"href":"https:\/\/comkociolki.pl\/bip\/index.php\/wp-json\/wp\/v2\/pages\/124\/revisions\/319"}],"wp:attachment":[{"href":"https:\/\/comkociolki.pl\/bip\/index.php\/wp-json\/wp\/v2\/media?parent=124"}],"curies":[{"name":"wp","href":"https:\/\/api.w.org\/{rel}","templated":true}]}}